{"id":78,"date":"2024-04-11T15:28:40","date_gmt":"2024-04-11T13:28:40","guid":{"rendered":"https:\/\/www.spvgg1862neumark.de\/badminton\/?page_id=78"},"modified":"2024-06-25T16:41:14","modified_gmt":"2024-06-25T14:41:14","slug":"wir","status":"publish","type":"page","link":"https:\/\/www.spvgg1862neumark.de\/badminton\/wir\/","title":{"rendered":"Wir"},"content":{"rendered":"<p>[vc_row][vc_column][vc_column_text]<\/p>\n<p style=\"text-align: center;\"><span style=\"color: #000000; font-size: 17px;\">Stressabbau, k\u00f6rperliche Fitness und Spass an der Bewegung.<\/span><\/p>\n<p><span style=\"color: #000000;\">Wir vom Badminton-Team der SpVgg. Neumark nehmen zwar an keiner Meisterschaft teil, sind jedoch w\u00e4hrend unseres Trainings begeisterte und couragierte Sportler, die auf und neben dem Platz ein echtes Team sind.<\/span><\/p>\n<p><span style=\"color: #000000;\">Unser Sport erfreut sich gro\u00dfer Beliebheit: Einerseits weil er relativ einfach zu erlernen ist (wer hat nicht schon mal Federball gespielt?) und andererseits weil er eine gro\u00dfartige M\u00f6glichkeit bietet, sich fit zu halten und gleichzeitig Stress abzubauen. Zudem f\u00fchrt das schnelle Tempo des Spiels zu einer Verbesserung Eurer Reflexe.<\/span><\/p>\n<p><span style=\"color: #000000;\">Also scheut Euch nicht, schnappt Euch einen Schl\u00e4ger und kommt zu uns. Wir freuen uns auf Euch. Das <strong>Team Badminton Neumark<\/strong>.<\/span><\/p>\n<p><span style=\"color: #000000;\">Trainingszeiten: Freitag 19.30 &#8211; 22.00 Uhr<br \/>\n<\/span><\/p>\n<p><span style=\"color: #000000;\">Trainingsort: Turnhalle der Oberschule Neumark, Wilhelm-Pieck-Str. 2, 08496 Neumark<br \/>\n<\/span><\/p>\n<p><span style=\"color: #000000;\">Ansprechpartner: Antje Wienold, Tel.: 0157 81032390<br \/>\n<\/span><\/p>\n<p>&nbsp;[\/vc_column_text][\/vc_column][\/vc_row][vc_row][vc_column][vc_column_text]<img fetchpriority=\"high\" decoding=\"async\" class=\"alignnone size-full wp-image-88\" src=\"https:\/\/www.spvgg1862neumark.de\/badminton\/wp-content\/uploads\/sites\/5\/2024\/04\/Team-Badminton.jpg\" alt=\"\" width=\"1600\" height=\"900\" srcset=\"https:\/\/www.spvgg1862neumark.de\/badminton\/wp-content\/uploads\/sites\/5\/2024\/04\/Team-Badminton.jpg 1600w, https:\/\/www.spvgg1862neumark.de\/badminton\/wp-content\/uploads\/sites\/5\/2024\/04\/Team-Badminton-1024x576.jpg 1024w, https:\/\/www.spvgg1862neumark.de\/badminton\/wp-content\/uploads\/sites\/5\/2024\/04\/Team-Badminton-768x432.jpg 768w, https:\/\/www.spvgg1862neumark.de\/badminton\/wp-content\/uploads\/sites\/5\/2024\/04\/Team-Badminton-1536x864.jpg 1536w, https:\/\/www.spvgg1862neumark.de\/badminton\/wp-content\/uploads\/sites\/5\/2024\/04\/Team-Badminton-640x360.jpg 640w, https:\/\/www.spvgg1862neumark.de\/badminton\/wp-content\/uploads\/sites\/5\/2024\/04\/Team-Badminton-400x225.jpg 400w, https:\/\/www.spvgg1862neumark.de\/badminton\/wp-content\/uploads\/sites\/5\/2024\/04\/Team-Badminton-367x206.jpg 367w\" sizes=\"(max-width: 1600px) 100vw, 1600px\" \/>[\/vc_column_text][\/vc_column][\/vc_row]<\/p>\n","protected":false},"excerpt":{"rendered":"<p>[vc_row][vc_column][vc_column_text] Stressabbau, k\u00f6rperliche Fitness und Spass an der Bewegung. Wir vom Badminton-Team der SpVgg. Neumark nehmen zwar an keiner Meisterschaft teil, sind jedoch w\u00e4hrend unseres Trainings begeisterte und couragierte Sportler, die auf und neben dem Platz ein echtes Team sind. Unser Sport erfreut sich gro\u00dfer Beliebheit: Einerseits weil er relativ einfach zu erlernen ist (wer [&hellip;]<\/p>\n","protected":false},"author":1,"featured_media":0,"parent":0,"menu_order":0,"comment_status":"closed","ping_status":"closed","template":"","meta":{"ngg_post_thumbnail":0},"_links":{"self":[{"href":"https:\/\/www.spvgg1862neumark.de\/badminton\/wp-json\/wp\/v2\/pages\/78"}],"collection":[{"href":"https:\/\/www.spvgg1862neumark.de\/badminton\/wp-json\/wp\/v2\/pages"}],"about":[{"href":"https:\/\/www.spvgg1862neumark.de\/badminton\/wp-json\/wp\/v2\/types\/page"}],"author":[{"embeddable":true,"href":"https:\/\/www.spvgg1862neumark.de\/badminton\/wp-json\/wp\/v2\/users\/1"}],"replies":[{"embeddable":true,"href":"https:\/\/www.spvgg1862neumark.de\/badminton\/wp-json\/wp\/v2\/comments?post=78"}],"version-history":[{"count":14,"href":"https:\/\/www.spvgg1862neumark.de\/badminton\/wp-json\/wp\/v2\/pages\/78\/revisions"}],"predecessor-version":[{"id":96,"href":"https:\/\/www.spvgg1862neumark.de\/badminton\/wp-json\/wp\/v2\/pages\/78\/revisions\/96"}],"wp:attachment":[{"href":"https:\/\/www.spvgg1862neumark.de\/badminton\/wp-json\/wp\/v2\/media?parent=78"}],"curies":[{"name":"wp","href":"https:\/\/api.w.org\/{rel}","templated":true}]}}