{"id":841,"date":"2024-03-01T14:28:09","date_gmt":"2024-03-01T13:28:09","guid":{"rendered":"https:\/\/www.spvgg1862neumark.de\/fussball\/?page_id=841"},"modified":"2025-09-30T11:50:52","modified_gmt":"2025-09-30T09:50:52","slug":"wir","status":"publish","type":"page","link":"https:\/\/www.spvgg1862neumark.de\/fussball\/wir\/","title":{"rendered":"Wir"},"content":{"rendered":"<p>[vc_row][vc_column][vc_column_text]<\/p>\n<p align=\"left\"><span style=\"color: #000000; font-size: 16px;\"><span style=\"font-family: Liberation Serif, serif;\"><strong>Werde Teil unserer Fu\u00dfballfamilie!<\/strong> <\/span><\/span><\/p>\n<p align=\"left\"><span style=\"color: #000000; font-size: 16px;\"><span style=\"font-family: Liberation Serif, serif;\">Wir Fu\u00dfballer sind ein fester Bestandteil unseres Vereins. Durch das Engagement unserer Spieler, Trainer, Betreuer und ehrenamtlichen Helfer stellen wir Jahr f\u00fcr Jahr Mannschaften im M\u00e4nnerbereich und im Jugendbereich, die einen f\u00fcr die Gr\u00f6\u00dfe unserer Gemeinde respektablen Spielbetrieb gew\u00e4hrleisten.<\/span><\/span><\/p>\n<p align=\"left\"><span style=\"color: #000000; font-size: 16px;\"><span style=\"font-family: Liberation Serif, serif;\">Auch wenn nicht jedes Spiel gewonnen wird, sportlichen Ehrgeiz, Spa\u00df am Kicken, Teamgeist und Gemeinschaftsbindung findest Du in jeder unserer Mannschaften.<\/span><\/span><\/p>\n<p align=\"left\"><span style=\"color: #000000; font-size: 16px;\"><span style=\"font-family: Liberation Serif, serif;\">Fair Play ist f\u00fcr uns auch au\u00dferhalb des Platzes gelebtes Verhalten. Wir sind offen f\u00fcr jeden Fu\u00dfballinteressierten unterschiedlicher Altersgruppen und Hintergr\u00fcnde. Ausgrenzung findet bei uns nicht statt. Daf\u00fcr verb\u00fcrgen sich alle Verantwortlichen im Verein.<\/span><\/span><\/p>\n<p align=\"left\"><span style=\"color: #333333; font-size: 16px;\"><span style=\"font-family: Liberation Serif, serif;\"><span style=\"color: #000000;\">Wir laden Euch ein, sich uns anzuschlie\u00dfen und Teil unserer Fu\u00dfballfamilie zu werden. Ganz gleich, ob Du ein begeisterter Spieler, ein engagierter Trainer, ein unterst\u00fctzendes Familienmitglied oder ein treuer Fan bist, es gibt immer einen Platz in unserer Fu\u00dfballfamilie.<\/span><\/span><\/span><\/p>\n<p align=\"left\"><span style=\"color: #333333; font-size: 16px;\"><span style=\"font-family: Liberation Serif, serif;\"><span style=\"color: #000000;\">Unseren Sportplatz findet ihr in 08496 Neumark, M\u00fchlenweg 7b, den Parkplatz in 08496 Neumark, Badsteig 2 (gegen\u00fcber Kindergarten, 2 min. Fu\u00dfweg bis zum Sportplatz).<\/span> <\/span><\/span><\/p>\n<p align=\"left\">&nbsp;<\/p>\n<p>[\/vc_column_text][\/vc_column][\/vc_row][vc_row][vc_column width=&#8220;1\/3&#8243;][vc_gallery type=&#8220;image_grid&#8220; images=&#8220;1178,1177,1176,1175&#8243;][\/vc_column][vc_column width=&#8220;1\/3&#8243;][vc_gallery type=&#8220;image_grid&#8220; images=&#8220;1184,1183,1182,1181&#8243;][\/vc_column][vc_column width=&#8220;1\/3&#8243;][vc_gallery type=&#8220;image_grid&#8220; images=&#8220;557,471,1187,1188&#8243;][\/vc_column][\/vc_row]<\/p>\n","protected":false},"excerpt":{"rendered":"<p>[vc_row][vc_column][vc_column_text] Werde Teil unserer Fu\u00dfballfamilie! Wir Fu\u00dfballer sind ein fester Bestandteil unseres Vereins. Durch das Engagement unserer Spieler, Trainer, Betreuer und ehrenamtlichen Helfer stellen wir Jahr f\u00fcr Jahr Mannschaften im M\u00e4nnerbereich und im Jugendbereich, die einen f\u00fcr die Gr\u00f6\u00dfe unserer Gemeinde respektablen Spielbetrieb gew\u00e4hrleisten. Auch wenn nicht jedes Spiel gewonnen wird, sportlichen Ehrgeiz, Spa\u00df am [&hellip;]<\/p>\n","protected":false},"author":1,"featured_media":0,"parent":0,"menu_order":0,"comment_status":"closed","ping_status":"closed","template":"","meta":{"ngg_post_thumbnail":0},"_links":{"self":[{"href":"https:\/\/www.spvgg1862neumark.de\/fussball\/wp-json\/wp\/v2\/pages\/841"}],"collection":[{"href":"https:\/\/www.spvgg1862neumark.de\/fussball\/wp-json\/wp\/v2\/pages"}],"about":[{"href":"https:\/\/www.spvgg1862neumark.de\/fussball\/wp-json\/wp\/v2\/types\/page"}],"author":[{"embeddable":true,"href":"https:\/\/www.spvgg1862neumark.de\/fussball\/wp-json\/wp\/v2\/users\/1"}],"replies":[{"embeddable":true,"href":"https:\/\/www.spvgg1862neumark.de\/fussball\/wp-json\/wp\/v2\/comments?post=841"}],"version-history":[{"count":22,"href":"https:\/\/www.spvgg1862neumark.de\/fussball\/wp-json\/wp\/v2\/pages\/841\/revisions"}],"predecessor-version":[{"id":1190,"href":"https:\/\/www.spvgg1862neumark.de\/fussball\/wp-json\/wp\/v2\/pages\/841\/revisions\/1190"}],"wp:attachment":[{"href":"https:\/\/www.spvgg1862neumark.de\/fussball\/wp-json\/wp\/v2\/media?parent=841"}],"curies":[{"name":"wp","href":"https:\/\/api.w.org\/{rel}","templated":true}]}}