{"id":859,"date":"2024-03-18T16:38:31","date_gmt":"2024-03-18T15:38:31","guid":{"rendered":"https:\/\/www.spvgg1862neumark.de\/fussball\/?page_id=859"},"modified":"2025-04-09T16:13:16","modified_gmt":"2025-04-09T14:13:16","slug":"maenner","status":"publish","type":"page","link":"https:\/\/www.spvgg1862neumark.de\/fussball\/maenner\/","title":{"rendered":"M\u00e4nner"},"content":{"rendered":"<p>[vc_row][vc_column][vc_column_text]<\/p>\n<p align=\"left\"><strong><span style=\"color: #000000;\"><span style=\"font-family: Liberation Serif, serif;\"><span style=\"font-size: medium;\">Wir sind lupenreine Amateure!<\/span><\/span><\/span><\/strong><\/p>\n<p align=\"left\"><span style=\"color: #000000;\"><span style=\"font-family: Liberation Serif, serif;\"><span style=\"font-size: medium;\">Trotzdem, oder gerade deshalb, brennen wir f\u00fcr unseren Verein. Wir haben in den letzten Jahren Auf- und Abstiege erlebt, unser Ziel bleibt, mittelfristig eine wichtige Rolle im vogtl\u00e4ndischen Fu\u00dfball einzunehmen.<\/span><\/span><\/span><\/p>\n<p align=\"left\"><span style=\"color: #000000;\"><span style=\"font-family: Liberation Serif, serif;\"><span style=\"font-size: medium;\">Wenn f\u00fcr Dich sportlicher Ehrgeiz und Teamgeist keine leeren Floskeln sind, Dir gelebtes Fu\u00dfballer- und Vereinsleben wichtig ist, werde Teil unserer Mannschaft.<\/span><\/span><\/span><\/p>\n<p>[\/vc_column_text][\/vc_column][\/vc_row][vc_row][vc_column][vc_column_text]<\/p>\n<p align=\"left\"><strong><span style=\"color: #000000;\"><span style=\"font-family: Liberation Serif, serif;\"><span style=\"font-size: medium;\">Unsere M\u00e4nnermannschaft:<\/span><\/span><\/span><span style=\"color: #000000;\">&nbsp;<\/span><\/strong><\/p>\n<p><img fetchpriority=\"high\" decoding=\"async\" class=\"alignnone size-full wp-image-1112\" src=\"https:\/\/www.spvgg1862neumark.de\/fussball\/wp-content\/uploads\/sites\/2\/2025\/03\/1.-Mannschaft-Spvgg.-Neumark-scaled.jpg\" alt=\"\" width=\"2560\" height=\"1707\" srcset=\"https:\/\/www.spvgg1862neumark.de\/fussball\/wp-content\/uploads\/sites\/2\/2025\/03\/1.-Mannschaft-Spvgg.-Neumark-scaled.jpg 2560w, https:\/\/www.spvgg1862neumark.de\/fussball\/wp-content\/uploads\/sites\/2\/2025\/03\/1.-Mannschaft-Spvgg.-Neumark-1024x683.jpg 1024w, https:\/\/www.spvgg1862neumark.de\/fussball\/wp-content\/uploads\/sites\/2\/2025\/03\/1.-Mannschaft-Spvgg.-Neumark-768x512.jpg 768w, https:\/\/www.spvgg1862neumark.de\/fussball\/wp-content\/uploads\/sites\/2\/2025\/03\/1.-Mannschaft-Spvgg.-Neumark-1536x1024.jpg 1536w, https:\/\/www.spvgg1862neumark.de\/fussball\/wp-content\/uploads\/sites\/2\/2025\/03\/1.-Mannschaft-Spvgg.-Neumark-2048x1366.jpg 2048w, https:\/\/www.spvgg1862neumark.de\/fussball\/wp-content\/uploads\/sites\/2\/2025\/03\/1.-Mannschaft-Spvgg.-Neumark-640x427.jpg 640w, https:\/\/www.spvgg1862neumark.de\/fussball\/wp-content\/uploads\/sites\/2\/2025\/03\/1.-Mannschaft-Spvgg.-Neumark-400x267.jpg 400w, https:\/\/www.spvgg1862neumark.de\/fussball\/wp-content\/uploads\/sites\/2\/2025\/03\/1.-Mannschaft-Spvgg.-Neumark-367x245.jpg 367w\" sizes=\"(max-width: 2560px) 100vw, 2560px\" \/><\/p>\n<div dir=\"auto\">&nbsp;<\/div>\n<div dir=\"auto\"><span style=\"color: #000000;\"><strong>Hinten v.l.n.r:<\/strong> Marcel Knorr, Bryan Bauer, Ciprian Petrea, Elias Reichelt, Hannes K\u00e4mpfe, Christoph Neumann, Cedric Hessel, Daniel Sommer, Johann Massanneck, S\u00f6ren Huster, Lukas M\u00fcller, Justin Mei\u00dfner, Marius Buttkus<\/span><\/div>\n<div dir=\"auto\"><span style=\"color: #000000;\"><strong>Vorne v.l.n.r:<\/strong> Alexandru Tugui, Toni Neumann, Mike Christukat, Mark Herrmann, Jason Zienow, Randy Seedorf, Justus Schwabe<\/span><\/div>\n<p align=\"left\"><span style=\"color: #000000;\"><span style=\"font-family: Liberation Serif, serif;\"><span style=\"font-size: medium;\"><strong>Trainerteam: <\/strong><span style=\"font-size: 16px;\">Marius Buttkus &amp; Marcel Knorr<\/span><br \/>\n<\/span><\/span><\/span><span style=\"color: #000000;\"><span style=\"font-family: Liberation Serif, serif;\"><span style=\"font-size: medium;\"><strong>Mannschaftsleiter: <\/strong><span style=\"font-size: 16px;\">Manfred Bresin<\/span><\/span><\/span><\/span><\/p>\n<p>[\/vc_column_text][\/vc_column][\/vc_row][vc_row][vc_column][vc_column_text]<\/p>\n<p style=\"text-align: center;\" align=\"left\"><span style=\"color: #000000;\"><span style=\"font-family: Liberation Serif, serif;\"><span style=\"font-size: medium;\"><strong>Unsere Trainingszeiten:<\/strong> Dienstag und Donnerstag 19.00 &#8211; 20.30 Uhr<br \/>\n<\/span><\/span><\/span><\/p>\n<p>[\/vc_column_text][\/vc_column][\/vc_row][vc_row][vc_column][vc_column_text]<\/p>\n<p align=\"left\"><span style=\"color: #000000;\"><span style=\"font-family: Liberation Serif, serif;\"><span style=\"font-size: medium;\">Die aktuellen Ergebnisse unserer Teams findet ihr \u00fcber den unten stehenden Link:<\/span><\/span><\/span><\/p>\n<p style=\"text-align: center;\" align=\"left\"><a href=\"https:\/\/www.fussball.de\/verein\/spvgg-1862-neumark-sachsen\/-\/id\/00ES8GNBOO00007VVV0AG08LVUPGND5I#!\/\" target=\"_blank\" rel=\"noopener\"><span style=\"color: #000000; font-size: 18px;\"><span style=\"font-family: Liberation Serif, serif;\"><strong><span style=\"font-size: 18px;\"><span style=\"font-size: 20px;\">Fu\u00dfball in Neumark<\/span><\/span><\/strong><\/span><\/span><\/a><\/p>\n<p>[\/vc_column_text][\/vc_column][\/vc_row]<\/p>\n","protected":false},"excerpt":{"rendered":"<p>[vc_row][vc_column][vc_column_text] Wir sind lupenreine Amateure! Trotzdem, oder gerade deshalb, brennen wir f\u00fcr unseren Verein. Wir haben in den letzten Jahren Auf- und Abstiege erlebt, unser Ziel bleibt, mittelfristig eine wichtige Rolle im vogtl\u00e4ndischen Fu\u00dfball einzunehmen. Wenn f\u00fcr Dich sportlicher Ehrgeiz und Teamgeist keine leeren Floskeln sind, Dir gelebtes Fu\u00dfballer- und Vereinsleben wichtig ist, werde Teil [&hellip;]<\/p>\n","protected":false},"author":1,"featured_media":0,"parent":0,"menu_order":0,"comment_status":"closed","ping_status":"closed","template":"","meta":{"ngg_post_thumbnail":0},"_links":{"self":[{"href":"https:\/\/www.spvgg1862neumark.de\/fussball\/wp-json\/wp\/v2\/pages\/859"}],"collection":[{"href":"https:\/\/www.spvgg1862neumark.de\/fussball\/wp-json\/wp\/v2\/pages"}],"about":[{"href":"https:\/\/www.spvgg1862neumark.de\/fussball\/wp-json\/wp\/v2\/types\/page"}],"author":[{"embeddable":true,"href":"https:\/\/www.spvgg1862neumark.de\/fussball\/wp-json\/wp\/v2\/users\/1"}],"replies":[{"embeddable":true,"href":"https:\/\/www.spvgg1862neumark.de\/fussball\/wp-json\/wp\/v2\/comments?post=859"}],"version-history":[{"count":45,"href":"https:\/\/www.spvgg1862neumark.de\/fussball\/wp-json\/wp\/v2\/pages\/859\/revisions"}],"predecessor-version":[{"id":1120,"href":"https:\/\/www.spvgg1862neumark.de\/fussball\/wp-json\/wp\/v2\/pages\/859\/revisions\/1120"}],"wp:attachment":[{"href":"https:\/\/www.spvgg1862neumark.de\/fussball\/wp-json\/wp\/v2\/media?parent=859"}],"curies":[{"name":"wp","href":"https:\/\/api.w.org\/{rel}","templated":true}]}}