{"id":87,"date":"2017-09-07T04:42:04","date_gmt":"2017-09-07T02:42:04","guid":{"rendered":"http:\/\/spvgg1862neumark.de\/fussball\/?page_id=87"},"modified":"2025-09-08T21:25:40","modified_gmt":"2025-09-08T19:25:40","slug":"jugend","status":"publish","type":"page","link":"https:\/\/www.spvgg1862neumark.de\/fussball\/jugend\/","title":{"rendered":"Jugend"},"content":{"rendered":"<p>[vc_row][vc_column][vc_column_text]<span style=\"color: #000000;\">Der Sport mit Kindern und Jugendlichen ist Herzenangelegenheit in jedem Verein. \u00dcber den Sport und die aktive Mitgliedschaft im Vereinsleben gesundheitliche und soziale Entwicklung zu f\u00f6rdern, Selbstbewu\u00dftsein aufzubauen und Disziplin und Selbstregulierung zu lernen, ist f\u00fcr unsere \u00dcbungsleiter Anspruch und Verantwortungsbewu\u00dftsein zugleich. Das gilt f\u00fcr unsere gesamten Abteilungen. So auch f\u00fcr den Fu\u00dfball. Das dabei der Spass in der Gruppe und die Freude an der Bewegung nicht fehlen darf, ist selbstverst\u00e4ndlich.<\/span>[\/vc_column_text][\/vc_column][\/vc_row][vc_row][vc_column][vc_column_text]<span style=\"color: #000000;\">Wir sind stolz darauf, dass wir es Jahr f\u00fcr Jahr immer wieder schaffen, unseren Kindern und Jugendlichen altersgerechte Trainings- und Wettkampfm\u00f6glichkeiten zu bieten.<\/span><\/p>\n<p><span style=\"color: #000000;\">Unsere aktuellen Jugendmannschaften:<\/span><\/p>\n<ul>\n<li><span style=\"color: #000000;\"><strong>G\/F-Jugend<\/strong><\/span><br \/>\n<span style=\"color: #000000;\">Training: Dienstag und Donnerstag 17.00 &#8211; 18.00 Uhr<\/span><br \/>\n<span style=\"color: #000000;\">Ansprechpartner: Marcel Maschke (Tel.: 0173\/3894873)<\/span><\/li>\n<li><span style=\"color: #000000;\"><strong>E-Jugend<\/strong>&nbsp;<\/span><br \/>\n<span style=\"color: #000000;\">Training: Montag und Mittwoch 16.30 &#8211; 18.00 Uhr<\/span><br \/>\n<span style=\"color: #000000;\">Anprechpartner: Ciprian Petrea (Tel.: 0176\/47690236), Toni Herrmann (Tel.: 0172\/9593570)<\/span><\/li>\n<li><span style=\"color: #000000;\"><strong>D-Jugend<\/strong> in Spielgemeinschaft mit SG 48 Sch\u00f6nfels<\/span><br \/>\n<span style=\"color: #000000;\">Training:<br \/>\nDienstag 17.00 &#8211; 18.30 Uhr in Sch\u00f6nfels<br \/>\nDonnerstag 17.00 &#8211; 18.30 Uhr in Sch\u00f6nfels<br \/>\nAnsprechpartner Neumark: Marcel Maschke (Tel.: 0173\/3894873)<\/span><br \/>\n<span style=\"color: #000000;\">Ansprechpartner Sch\u00f6nfels: Sascha Scheinschlok (Tel.: 0162\/2574947)<\/span><\/li>\n<li><span style=\"color: #000000;\"><strong>C-Jugend<\/strong> in Spielgemeinschaft mit SG 48 Sch\u00f6nfels<\/span><br \/>\n<span style=\"color: #000000;\">Training:<\/span><br \/>\n<span style=\"color: #000000;\">Ansprechpartner Neumark: Dirk Gruber (Tel.: 0171\/7426493)<\/span><br \/>\n<span style=\"color: #000000;\">Ansprechpartner Sch\u00f6nfels: Kevin Rahnfeld (Tel.: 0174\/9219114)<\/span><\/li>\n<li><span style=\"color: #000000;\"><strong>A-Jugend<\/strong> in Spielgemeinschaft mit der VSG Westsachsen Fraureuth<br \/>\nTraining:<br \/>\nMittwoch 17.30 &#8211; 19.00 Uhr in Fraureuth bzw. Steinpleis<br \/>\nFreitag 15.30 &#8211; 17.00 Uhr in Fraureuth bzw. Steinpleis<\/span><br \/>\n<span style=\"color: #000000;\">Ansprechpartner Neumark: Markus Theis (Tel.: 0162\/1967510)<br \/>\nAnsprechpartner Fraureuth: Jens Gl\u00e4ser (Tel.: 0174\/3128455)<\/span><\/li>\n<\/ul>\n<p><span style=\"color: #000000;\">In den Wintermonaten kann je nach Wetterlage das Training in die Halle verlegt werden. Die Trainingszeiten f\u00fcr die Halle k\u00f6nnen bei den Trainern erfragt werden.<\/span><\/p>\n<p><span style=\"color: #000000;\"><strong>Jeder unserer \u00dcbungsleiter steht Euch f\u00fcr Fragen zur Verf\u00fcgung. Ruft an oder kommt einfach zu einem Probetraining. Wir freuen uns auf Euch!<\/strong><\/span>[\/vc_column_text][vc_column_text]<strong><span style=\"font-size: 18px; color: #000000;\">F-Jugend:<\/span><\/strong><\/p>\n<p><img fetchpriority=\"high\" decoding=\"async\" class=\"alignnone size-full wp-image-1141\" src=\"https:\/\/www.spvgg1862neumark.de\/fussball\/wp-content\/uploads\/sites\/2\/2025\/09\/F-Jugend-2025-e1757341783356.jpg\" alt=\"\" width=\"1817\" height=\"957\" srcset=\"https:\/\/www.spvgg1862neumark.de\/fussball\/wp-content\/uploads\/sites\/2\/2025\/09\/F-Jugend-2025-e1757341783356.jpg 1817w, https:\/\/www.spvgg1862neumark.de\/fussball\/wp-content\/uploads\/sites\/2\/2025\/09\/F-Jugend-2025-e1757341783356-1024x539.jpg 1024w, https:\/\/www.spvgg1862neumark.de\/fussball\/wp-content\/uploads\/sites\/2\/2025\/09\/F-Jugend-2025-e1757341783356-768x404.jpg 768w, https:\/\/www.spvgg1862neumark.de\/fussball\/wp-content\/uploads\/sites\/2\/2025\/09\/F-Jugend-2025-e1757341783356-1536x809.jpg 1536w, https:\/\/www.spvgg1862neumark.de\/fussball\/wp-content\/uploads\/sites\/2\/2025\/09\/F-Jugend-2025-e1757341783356-640x337.jpg 640w, https:\/\/www.spvgg1862neumark.de\/fussball\/wp-content\/uploads\/sites\/2\/2025\/09\/F-Jugend-2025-e1757341783356-400x211.jpg 400w, https:\/\/www.spvgg1862neumark.de\/fussball\/wp-content\/uploads\/sites\/2\/2025\/09\/F-Jugend-2025-e1757341783356-367x193.jpg 367w\" sizes=\"(max-width: 1817px) 100vw, 1817px\" \/>[\/vc_column_text][\/vc_column][\/vc_row][vc_row][vc_column width=&#8220;1\/2&#8243;][vc_column_text]<span style=\"font-size: 18px;\"><strong><span style=\"color: #000000;\">E-Jugend 1:<\/span><\/strong><\/span><\/p>\n<p><img decoding=\"async\" class=\"alignnone size-full wp-image-1142\" src=\"https:\/\/www.spvgg1862neumark.de\/fussball\/wp-content\/uploads\/sites\/2\/2025\/09\/E-Jugend1-2025.jpg\" alt=\"\" width=\"1600\" height=\"900\" srcset=\"https:\/\/www.spvgg1862neumark.de\/fussball\/wp-content\/uploads\/sites\/2\/2025\/09\/E-Jugend1-2025.jpg 1600w, https:\/\/www.spvgg1862neumark.de\/fussball\/wp-content\/uploads\/sites\/2\/2025\/09\/E-Jugend1-2025-1024x576.jpg 1024w, https:\/\/www.spvgg1862neumark.de\/fussball\/wp-content\/uploads\/sites\/2\/2025\/09\/E-Jugend1-2025-768x432.jpg 768w, https:\/\/www.spvgg1862neumark.de\/fussball\/wp-content\/uploads\/sites\/2\/2025\/09\/E-Jugend1-2025-1536x864.jpg 1536w, https:\/\/www.spvgg1862neumark.de\/fussball\/wp-content\/uploads\/sites\/2\/2025\/09\/E-Jugend1-2025-640x360.jpg 640w, https:\/\/www.spvgg1862neumark.de\/fussball\/wp-content\/uploads\/sites\/2\/2025\/09\/E-Jugend1-2025-400x225.jpg 400w, https:\/\/www.spvgg1862neumark.de\/fussball\/wp-content\/uploads\/sites\/2\/2025\/09\/E-Jugend1-2025-367x206.jpg 367w\" sizes=\"(max-width: 1600px) 100vw, 1600px\" \/>[\/vc_column_text][\/vc_column][vc_column width=&#8220;1\/2&#8243;][vc_column_text]<span style=\"font-size: 18px;\"><strong><span style=\"color: #000000;\">E-Jugend 2:<\/span><\/strong><\/span><\/p>\n<p><img decoding=\"async\" class=\"alignnone size-full wp-image-1143\" src=\"https:\/\/www.spvgg1862neumark.de\/fussball\/wp-content\/uploads\/sites\/2\/2025\/09\/E-Jugend-2-2025.jpg\" alt=\"\" width=\"1600\" height=\"900\" srcset=\"https:\/\/www.spvgg1862neumark.de\/fussball\/wp-content\/uploads\/sites\/2\/2025\/09\/E-Jugend-2-2025.jpg 1600w, https:\/\/www.spvgg1862neumark.de\/fussball\/wp-content\/uploads\/sites\/2\/2025\/09\/E-Jugend-2-2025-1024x576.jpg 1024w, https:\/\/www.spvgg1862neumark.de\/fussball\/wp-content\/uploads\/sites\/2\/2025\/09\/E-Jugend-2-2025-768x432.jpg 768w, https:\/\/www.spvgg1862neumark.de\/fussball\/wp-content\/uploads\/sites\/2\/2025\/09\/E-Jugend-2-2025-1536x864.jpg 1536w, https:\/\/www.spvgg1862neumark.de\/fussball\/wp-content\/uploads\/sites\/2\/2025\/09\/E-Jugend-2-2025-640x360.jpg 640w, https:\/\/www.spvgg1862neumark.de\/fussball\/wp-content\/uploads\/sites\/2\/2025\/09\/E-Jugend-2-2025-400x225.jpg 400w, https:\/\/www.spvgg1862neumark.de\/fussball\/wp-content\/uploads\/sites\/2\/2025\/09\/E-Jugend-2-2025-367x206.jpg 367w\" sizes=\"(max-width: 1600px) 100vw, 1600px\" \/>[\/vc_column_text][\/vc_column][vc_column][\/vc_column][\/vc_row][vc_row][vc_column][vc_column_text]<span style=\"font-size: 18px;\"><strong><span style=\"color: #000000;\">D-Jugend:<\/span><\/strong><\/span><\/p>\n<p><img loading=\"lazy\" decoding=\"async\" class=\"alignnone size-full wp-image-1144\" src=\"https:\/\/www.spvgg1862neumark.de\/fussball\/wp-content\/uploads\/sites\/2\/2025\/09\/D-Jugend-2025-scaled-e1757359392342.jpg\" alt=\"\" width=\"1920\" height=\"1664\" srcset=\"https:\/\/www.spvgg1862neumark.de\/fussball\/wp-content\/uploads\/sites\/2\/2025\/09\/D-Jugend-2025-scaled-e1757359392342.jpg 1920w, https:\/\/www.spvgg1862neumark.de\/fussball\/wp-content\/uploads\/sites\/2\/2025\/09\/D-Jugend-2025-scaled-e1757359392342-1024x887.jpg 1024w, https:\/\/www.spvgg1862neumark.de\/fussball\/wp-content\/uploads\/sites\/2\/2025\/09\/D-Jugend-2025-scaled-e1757359392342-768x666.jpg 768w, https:\/\/www.spvgg1862neumark.de\/fussball\/wp-content\/uploads\/sites\/2\/2025\/09\/D-Jugend-2025-scaled-e1757359392342-1536x1331.jpg 1536w, https:\/\/www.spvgg1862neumark.de\/fussball\/wp-content\/uploads\/sites\/2\/2025\/09\/D-Jugend-2025-scaled-e1757359392342-640x555.jpg 640w, https:\/\/www.spvgg1862neumark.de\/fussball\/wp-content\/uploads\/sites\/2\/2025\/09\/D-Jugend-2025-scaled-e1757359392342-400x347.jpg 400w, https:\/\/www.spvgg1862neumark.de\/fussball\/wp-content\/uploads\/sites\/2\/2025\/09\/D-Jugend-2025-scaled-e1757359392342-367x318.jpg 367w\" sizes=\"(max-width: 1920px) 100vw, 1920px\" \/>[\/vc_column_text][vc_column_text]<strong><span style=\"font-size: 18px; color: #000000;\">C-Jugend:<\/span><\/strong><\/p>\n<p><img loading=\"lazy\" decoding=\"async\" class=\"alignnone size-full wp-image-1145\" src=\"https:\/\/www.spvgg1862neumark.de\/fussball\/wp-content\/uploads\/sites\/2\/2025\/09\/C-Jugend-2025-e1757341933556.jpg\" alt=\"\" width=\"1200\" height=\"648\" srcset=\"https:\/\/www.spvgg1862neumark.de\/fussball\/wp-content\/uploads\/sites\/2\/2025\/09\/C-Jugend-2025-e1757341933556.jpg 1200w, https:\/\/www.spvgg1862neumark.de\/fussball\/wp-content\/uploads\/sites\/2\/2025\/09\/C-Jugend-2025-e1757341933556-1024x553.jpg 1024w, https:\/\/www.spvgg1862neumark.de\/fussball\/wp-content\/uploads\/sites\/2\/2025\/09\/C-Jugend-2025-e1757341933556-768x415.jpg 768w, https:\/\/www.spvgg1862neumark.de\/fussball\/wp-content\/uploads\/sites\/2\/2025\/09\/C-Jugend-2025-e1757341933556-640x346.jpg 640w, https:\/\/www.spvgg1862neumark.de\/fussball\/wp-content\/uploads\/sites\/2\/2025\/09\/C-Jugend-2025-e1757341933556-400x216.jpg 400w, https:\/\/www.spvgg1862neumark.de\/fussball\/wp-content\/uploads\/sites\/2\/2025\/09\/C-Jugend-2025-e1757341933556-367x198.jpg 367w\" sizes=\"(max-width: 1200px) 100vw, 1200px\" \/>[\/vc_column_text][vc_column_text]<strong><span style=\"color: #000000; font-size: 18px;\">A-Jugend:<\/span><\/strong><\/p>\n<p><img loading=\"lazy\" decoding=\"async\" class=\"alignnone size-full wp-image-1130\" src=\"https:\/\/www.spvgg1862neumark.de\/fussball\/wp-content\/uploads\/sites\/2\/2025\/08\/A-Jugend-2025.jpg\" alt=\"\" width=\"1600\" height=\"1204\" srcset=\"https:\/\/www.spvgg1862neumark.de\/fussball\/wp-content\/uploads\/sites\/2\/2025\/08\/A-Jugend-2025.jpg 1600w, https:\/\/www.spvgg1862neumark.de\/fussball\/wp-content\/uploads\/sites\/2\/2025\/08\/A-Jugend-2025-1024x771.jpg 1024w, https:\/\/www.spvgg1862neumark.de\/fussball\/wp-content\/uploads\/sites\/2\/2025\/08\/A-Jugend-2025-768x578.jpg 768w, https:\/\/www.spvgg1862neumark.de\/fussball\/wp-content\/uploads\/sites\/2\/2025\/08\/A-Jugend-2025-1536x1156.jpg 1536w, https:\/\/www.spvgg1862neumark.de\/fussball\/wp-content\/uploads\/sites\/2\/2025\/08\/A-Jugend-2025-463x348.jpg 463w, https:\/\/www.spvgg1862neumark.de\/fussball\/wp-content\/uploads\/sites\/2\/2025\/08\/A-Jugend-2025-640x482.jpg 640w, https:\/\/www.spvgg1862neumark.de\/fussball\/wp-content\/uploads\/sites\/2\/2025\/08\/A-Jugend-2025-400x300.jpg 400w, https:\/\/www.spvgg1862neumark.de\/fussball\/wp-content\/uploads\/sites\/2\/2025\/08\/A-Jugend-2025-367x276.jpg 367w\" sizes=\"(max-width: 1600px) 100vw, 1600px\" \/>[\/vc_column_text][\/vc_column][\/vc_row]<\/p>\n","protected":false},"excerpt":{"rendered":"<p>[vc_row][vc_column][vc_column_text]Der Sport mit Kindern und Jugendlichen ist Herzenangelegenheit in jedem Verein. \u00dcber den Sport und die aktive Mitgliedschaft im Vereinsleben gesundheitliche und soziale Entwicklung zu f\u00f6rdern, Selbstbewu\u00dftsein aufzubauen und Disziplin und Selbstregulierung zu lernen, ist f\u00fcr unsere \u00dcbungsleiter Anspruch und Verantwortungsbewu\u00dftsein zugleich. Das gilt f\u00fcr unsere gesamten Abteilungen. So auch f\u00fcr den Fu\u00dfball. Das dabei [&hellip;]<\/p>\n","protected":false},"author":1,"featured_media":0,"parent":0,"menu_order":0,"comment_status":"closed","ping_status":"closed","template":"","meta":{"ngg_post_thumbnail":0},"_links":{"self":[{"href":"https:\/\/www.spvgg1862neumark.de\/fussball\/wp-json\/wp\/v2\/pages\/87"}],"collection":[{"href":"https:\/\/www.spvgg1862neumark.de\/fussball\/wp-json\/wp\/v2\/pages"}],"about":[{"href":"https:\/\/www.spvgg1862neumark.de\/fussball\/wp-json\/wp\/v2\/types\/page"}],"author":[{"embeddable":true,"href":"https:\/\/www.spvgg1862neumark.de\/fussball\/wp-json\/wp\/v2\/users\/1"}],"replies":[{"embeddable":true,"href":"https:\/\/www.spvgg1862neumark.de\/fussball\/wp-json\/wp\/v2\/comments?post=87"}],"version-history":[{"count":63,"href":"https:\/\/www.spvgg1862neumark.de\/fussball\/wp-json\/wp\/v2\/pages\/87\/revisions"}],"predecessor-version":[{"id":1161,"href":"https:\/\/www.spvgg1862neumark.de\/fussball\/wp-json\/wp\/v2\/pages\/87\/revisions\/1161"}],"wp:attachment":[{"href":"https:\/\/www.spvgg1862neumark.de\/fussball\/wp-json\/wp\/v2\/media?parent=87"}],"curies":[{"name":"wp","href":"https:\/\/api.w.org\/{rel}","templated":true}]}}