{"id":172,"date":"2019-03-31T11:42:32","date_gmt":"2019-03-31T09:42:32","guid":{"rendered":"http:\/\/spvgg1862neumark.de\/karate\/?page_id=172"},"modified":"2019-03-31T11:42:32","modified_gmt":"2019-03-31T09:42:32","slug":"kampfkunstschule","status":"publish","type":"page","link":"https:\/\/www.spvgg1862neumark.de\/karate\/kampfkunstschule\/","title":{"rendered":"Kampfkunstschule"},"content":{"rendered":"<p>[vc_row][vc_column][vc_column_text]<strong>Was bedeutet Tradition?<\/strong><br \/>\nZum Beispiel, \u00fcberliefertes Kampfkunst-Wissen zu bewahren und weiter zu geben. Unsere Stilrichtung folgt einer Meisterlinie die 400 Jahre zur\u00fcckreicht und bis heute anh\u00e4lt.<\/p>\n<p><strong>Historie \u2013 ein Blick zur\u00fcck:<\/strong><br \/>\nDas K\u00f6nigreich RyuKyu (japanisch \u7409\u7403\u738b\u56fd Ry\u016bky\u016b \u014ckoku) war von 1429 \u2013 1879 ein unabh\u00e4ngiger Staat. Zum Herrschaftsbereich geh\u00f6rte ein Gro\u00dfteil des Inselarchipel Ryukyu zu deren Hauptinseln die Insel Okinawa geh\u00f6rt. Im Jahre 1609 wurde das K\u00f6nigreich von dem japanischen Satsuma Clan angegriffen und besiegt. In der Folge war das K\u00f6nigreich neben dem chinesischen Kaiserhof auch dem Satsuma Clan tributpflichtig. Im Jahre 1879 schaffte die japanische Regierung das K\u00f6nigreich Ry\u016bky\u016b ab und gliederte die Inseln in die Pr\u00e4fektur Okinawa ein.<br \/>\nAls Knotenpunkt f\u00fcr Handel und strategische Interessen in der Region fand auf Okinawa ein reger Austausch von Ideen und Kultur statt so auch \u00fcber die Methoden der Kampfk\u00fcnste. Die Ansiedlung der 36 Familien aus der Provinz Fujian auf Wunsch des K\u00f6nigs von Ry\u016bky\u016b im Jahre 1392 zur Unterst\u00fctzung der Wirtschaft f\u00fchrte zu einem engen Kontakt mit chinesischen Kampfmethoden. Diese Verbindung ist heute noch in der Bezeichnung \u00bbjap.: Sh\u014d rin\u00ab = \u00bbchin.: Sha\u014d lin\u00ab = \u00bbdt.: kleiner Wald\u00ab wiederzufinden.<br \/>\nNicht nur die Verbindung in der Sprache ist geblieben auch in den Kampfmethoden des Okinawa Karate finden sich die verschiedenen Einfl\u00fcsse aus den Kampfk\u00fcnsten des ost- und s\u00fcdostasiatischen Raumes wieder und f\u00fchrten in ihrer Synthese zu einer vielschichtigen und umfassenden Kampfkunst die heute als Okinawa Karate bezeichnet wird.<\/p>\n<p><strong>Sh\u014drin-ry\u016b<\/strong><br \/>\nDas tradtionelle Shuri-te (Karate, Hand aus Shuri) gr\u00fcndet auf dem Prinzip des Atemi. Zentrale Idee ist, dass eine Abwehr (Uke) nicht nur der eigenen Verteidigung gegen den Angreifer dient, sondern gleichzeitig dazu, den Angriff zu vernichten. Idealerweise sollte man die H\u00e4nde und F\u00fc\u00dfe so trainieren, dass sie einen Zustand erreichen, in dem Kraft und Flexibilit\u00e4t genauso nebeneinander existieren, wie Stahl gleichzeitig hart und elastisch ist. Ziel dieser \u00dcbung ist die Gleichzeitigkeit von Angriff und Verteidigung.<br \/>\nDeutliche Charakteristika entwickelte der Stil zuerst unter Meister Sakugawa (1733 \u2013 1815), der in Shuri, der fr\u00fcheren Hauptstadt Okinawas, lebte und der als erster historisch bekannter Meister des Shuri-te gilt. Gro\u00dfen Wert legte Meister Sakugawa auf die innere Einstellung und das Verhalten seiner Sch\u00fcler. So \u00fcberrascht es nicht, dass er als Begr\u00fcnder der Dojokun (Verhaltensregeln) gilt, die das Auftreten und Verhalten der Kampfk\u00fcnstler bis in unsere Tage pr\u00e4gen. Als 78-J\u00e4hriger unterrichtete er bis zu seinem Tod den damals noch jungen Matsumura S\u014dkon (+1896) aus Shuri.<br \/>\nNach seiner Ausbildung stand Matsumura als Leibwache im Dienst mehrerer okinawanischer K\u00f6nige. Ebenso wie sein Lehrer Sakugawa besuchte er mehrmals China, um die dortigen Kampfk\u00fcnste zu studieren. Matsumura erlangte weit \u00fcber seine Heimat hinaus gro\u00dfe Ber\u00fchmtheit und erhielt vom K\u00f6nig Ry\u016bky\u016b den Titel \u00bbBushi\u00ab (jap.: Samurai).<br \/>\nDer Stil Matsumuras wurde stark durch alte chinesische Shaolin-Techiken gepr\u00e4gt. Er selbst soll ihn als \u00bbSh\u014drin-ry\u016b gokoku-an Karate\u00ab (Karate aus dem Shaolin-Kloster, zur Verteidigung der Heimat) bezeichnet haben \u2013 Matsumura gilt heute als prominenteste Pers\u00f6nlichkeit des traditionellen \u00bbSh\u014drin-ry\u016b\u00ab. Besonderes Kennzeichen des Stiles wurde die Kata Passai und noch heute z\u00e4hlt die Kata Matsumura no Passai zu den systempr\u00e4genden Kata des Sh\u014drin-ry\u016b.[\/vc_column_text][\/vc_column][\/vc_row][vc_row][vc_column width=&#8220;5\/6&#8243;][vc_column_text]<strong>Die Shidokan Schule<\/strong><br \/>\n\u00bbDer Vernunft und dem Recht folgen \u2013 gemeinsam existieren und gemeinsam erbl\u00fchen\u00ab<br \/>\n(g\u00f4 ri g\u00f4 h\u00f4 kyo son kyo ei) Maxime von Sensei Miyahira[\/vc_column_text][\/vc_column][vc_column width=&#8220;1\/6&#8243;][vc_single_image image=&#8220;173&#8243; img_size=&#8220;full&#8220;][\/vc_column][\/vc_row][vc_row][vc_column][vc_column_text]Gr\u00fcnder des \u00bbOkinawa Shorinryu Shidokan\u00ab ist Sensei Miyahira Katsuya 10. Dan Hanshi, (16.08.1918 \u2013 28.11.2010). Sein tiefergehendes Karate-Studium begann im April 1933 unter Chibana Choshin, bei dem er das traditionelle Shuri-te kennenlernte. Hier wurde er von Seniorsch\u00fclern des Dojos wie Yoshitsugu Teichi, Kangi Shoya, Yasuyoshi Kamikosu, Tsuguyoshi Miyagi, Chozo Nakama und Shinji Tawada beeinflusst. Ab September desselben Jahres konnte er zudem an der Hochschule von Shuri bei Tokuda Anbun, einem weiteren Sch\u00fcler Itosu \u00bbAnko\u00ab Yasutsunes, \u00fcben. Sp\u00e4ter vertiefte Sensei Miyahira seine Kenntnisse vor allem im Kumite im Dojo von Motobu Choki.<\/p>\n<p>Die letzten Jahre des zweiten Weltkriegs verbrachte Sensei Miyahira als Lehrer in der Mandschurei, wo ihm viel Not und Elend begegneten. Diese Erlebnisse waren unter anderem ein Ausl\u00f6ser daf\u00fcr, dass er sich nach seiner R\u00fcckkehr auf Okinawa entschloss, jungen Menschen die M\u00f6glichkeit zu er\u00f6ffnen, sich gegen solche Anforderungen besser zu wappnen. So gr\u00fcndete er in seiner Geburtsstadt Nishihara sein erstes Dojo und nannte es Shidokan. Bald folgten im Abstand einiger Jahre weitere Dojos. Ab 1953 unterrichtete Sensei Miyahira Karate an der Ryukyu-Universit\u00e4t. Im Jahr 1956 erbaute er das Shidokan-Dojo im Garten seines Hauses in Tsuboya, wo er bis zu seinem Tod unterrichtete.[\/vc_column_text][\/vc_column][\/vc_row][vc_row][vc_column width=&#8220;2\/3&#8243;][vc_column_text]Sensei Miyahira hielt sich bei seiner \u00dcbung stets streng an die traditionellen Methoden des Shuri-Te. Die Grundregeln in Sensei Miyahiras Dojo lauten dementsprechend:<br \/>\n\u2022 Versuche, deine eigene Pers\u00f6nlichkeit zu vervollkommnen<br \/>\n\u2022 Pflege den Geist stetigen Bem\u00fchens<br \/>\n\u2022 Z\u00fcgle deinen jugendlichen Eifer<br \/>\n\u2022 Beachte die Etikette<\/p>\n<p>Die Shidokan-Schule l\u00e4sst sich nicht auf die sportlichen oder gesundheitlichen Aspekte des Karate beschr\u00e4nken. Vielmehr sah Sensei Miyahira in der best\u00e4ndigen praktischen \u00dcbung kein eigenes Ziel, sondern eine Methode zur Formung des menschlichen Charakters.[\/vc_column_text][\/vc_column][vc_column width=&#8220;1\/3&#8243;][vc_single_image image=&#8220;177&#8243; img_size=&#8220;full&#8220;][\/vc_column][\/vc_row][vc_row][vc_column][vc_column_text]<strong>Okinawa Shorin Ryu Shidokan Karate Do Deutschland<\/strong><\/p>\n<p>Im September 2016 feierte das Okinawa Shorin Ryu Shidokan Karate Do Deutschland 25 j\u00e4hriges Jubil\u00e4um. Seit dieser Zeit arbeitet unser Lehrer und Kancho Joachim Laupp 9. Dan Hanshi im Auftrag von Sensei Miyahira Katsuya 10. Dan Hanshi als sein Vertreter in Europa. Er unterrichtet \u2013 in enger Anlehnung an die Lehre Sensei Miyahiras \u2013 Karate und Kobudo in Trier und D\u00fcsseldorf und durch seine Sch\u00fcler an weiteren Orten in Deutschland und Europa.[\/vc_column_text][\/vc_column][\/vc_row][vc_row][vc_column][vc_single_image image=&#8220;180&#8243; img_size=&#8220;full&#8220; label=&#8220;&#8220;][\/vc_column][\/vc_row][vc_row][vc_column][vc_column_text]Das Shirasagi Dojo Neumark gibt es seit 2013 und wurde von J\u00f6rg Schneider 1. Dan gegr\u00fcndet. Jedem Interessierten aus Neumark und Umgebung bietet sich dadurch die einmalige Gelegenheit authentisches Okinawa Karate zu studieren.<br \/>\nDie in unserem Dojo gepflegte Tradition steht in direkter \u00dcberlieferungslinie und kann bis T\u014dde Sakugawa Kanga (1733 \u2013 1815) zur\u00fcckverfolgt werden. Regelm\u00e4\u00dfige Treffen und Seminare im Europ\u00e4ischen Zentrum f\u00fcr Okinawa Shorinryu Shidokan Karate Do und Kobudo in D\u00fcsseldorf bei Sensei Laupp halten diese Tradition lebendig. Ganz im Sinnes des Ausspruches:<\/p>\n<p><strong>\u00bbTradition ist nicht das Halten der Asche, sondern das Weitergeben der Flamme.\u00ab<\/strong>[\/vc_column_text][\/vc_column][\/vc_row]<\/p>\n","protected":false},"excerpt":{"rendered":"<p>[vc_row][vc_column][vc_column_text]Was bedeutet Tradition? Zum Beispiel, \u00fcberliefertes Kampfkunst-Wissen zu bewahren und weiter zu geben. Unsere Stilrichtung folgt einer Meisterlinie die 400 Jahre zur\u00fcckreicht und bis heute anh\u00e4lt. Historie \u2013 ein Blick zur\u00fcck: Das K\u00f6nigreich RyuKyu (japanisch \u7409\u7403\u738b\u56fd Ry\u016bky\u016b \u014ckoku) war von 1429 \u2013 1879 ein unabh\u00e4ngiger Staat. Zum Herrschaftsbereich geh\u00f6rte ein Gro\u00dfteil des Inselarchipel Ryukyu zu [&hellip;]<\/p>\n","protected":false},"author":1,"featured_media":0,"parent":0,"menu_order":0,"comment_status":"closed","ping_status":"closed","template":"","meta":{"ngg_post_thumbnail":0},"_links":{"self":[{"href":"https:\/\/www.spvgg1862neumark.de\/karate\/wp-json\/wp\/v2\/pages\/172"}],"collection":[{"href":"https:\/\/www.spvgg1862neumark.de\/karate\/wp-json\/wp\/v2\/pages"}],"about":[{"href":"https:\/\/www.spvgg1862neumark.de\/karate\/wp-json\/wp\/v2\/types\/page"}],"author":[{"embeddable":true,"href":"https:\/\/www.spvgg1862neumark.de\/karate\/wp-json\/wp\/v2\/users\/1"}],"replies":[{"embeddable":true,"href":"https:\/\/www.spvgg1862neumark.de\/karate\/wp-json\/wp\/v2\/comments?post=172"}],"version-history":[{"count":0,"href":"https:\/\/www.spvgg1862neumark.de\/karate\/wp-json\/wp\/v2\/pages\/172\/revisions"}],"wp:attachment":[{"href":"https:\/\/www.spvgg1862neumark.de\/karate\/wp-json\/wp\/v2\/media?parent=172"}],"curies":[{"name":"wp","href":"https:\/\/api.w.org\/{rel}","templated":true}]}}