{"id":182,"date":"2019-03-31T11:54:01","date_gmt":"2019-03-31T09:54:01","guid":{"rendered":"http:\/\/spvgg1862neumark.de\/karate\/?page_id=182"},"modified":"2019-03-31T11:54:01","modified_gmt":"2019-03-31T09:54:01","slug":"dojo","status":"publish","type":"page","link":"https:\/\/www.spvgg1862neumark.de\/karate\/dojo\/","title":{"rendered":"Dojo"},"content":{"rendered":"<p>[vc_row][vc_column][vc_column_text]Die Abteilung Karate gibt es in Neumark schon seit 2013. Von 2013 bis Dezember 2017 \u00fcbten wir gemeinsam mit der Abteilung Ninjutsu in der Schulturnhalle in Neumark. Seit Januar 2018 \u00fcben wir in unsem eigenen Karatedojo in der Werdauer Stra\u00dfe 11 in 08496 Neumark.[\/vc_column_text][\/vc_column][\/vc_row][vc_row][vc_column][vc_single_image image=&#8220;184&#8243; img_size=&#8220;full&#8220; label=&#8220;&#8220;][\/vc_column][\/vc_row][vc_row][vc_column][vc_column_text]<strong>\u00dcbungszeiten: <\/strong><\/p>\n<p><strong>Montags:<\/strong> 17:30 Uhr \u2013 18:30 Uhr Kinder (5 bis 13 Jahre)<br \/>\n<strong>Mittwochs:<\/strong> 18:00 Uhr \u2013 19:00 Uhr Kinder (5 bis 13 Jahre)<br \/>\n19:15 Uhr \u2013 21:30 Uhr Erwachsene (ab 14 Jahre)<br \/>\n<strong>Samstags:<\/strong> 10:00 Uhr \u2013 11:30 Uhr Erwachsene (ab 14 Jahre)<\/p>\n<p><strong>\u00dcbungsort:<\/strong> Werdauer Stra\u00dfe 11 (im Flachbau), 08496 Neumark<\/p>\n<p>Regelm\u00e4\u00dfige \u00dcbungen in Karate f\u00f6rdern: &#8211; Selbstdisziplin &#8211; Verantwortungsbewusstsein &#8211; K\u00f6rperbeherrschung, &#8211; Kraft, &#8211; Ausdauer &#8211; Gleichgewicht &#8211; Schnelligkeit &#8211; Beweglichkeit &#8211; Geschicklichkeit &#8211; Gelassenheit<\/p>\n<p>Karate lernen ist keine Frage des Alters. Es ist eine Frage des Willens. Jede(r) kann Karate erlernen. Jede(r) kann aktiv seine k\u00f6rperlichen F\u00e4higkeiten verbessern, Beweglichkeit erhalten oder zur\u00fcck erlangen. Karate hilft in Gefahrensituationen gelassen zu bleiben und besonnen zu reagieren. Meist gen\u00fcgen ein gesundes Selbstbewusstsein und die angstfreie Bereitschaft zur Verteidigung, einen potentiellen Angreifer zum Umdenken zu bewegen.[\/vc_column_text][\/vc_column][\/vc_row]<\/p>\n","protected":false},"excerpt":{"rendered":"<p>[vc_row][vc_column][vc_column_text]Die Abteilung Karate gibt es in Neumark schon seit 2013. Von 2013 bis Dezember 2017 \u00fcbten wir gemeinsam mit der Abteilung Ninjutsu in der Schulturnhalle in Neumark. Seit Januar 2018 \u00fcben wir in unsem eigenen Karatedojo in der Werdauer Stra\u00dfe 11 in 08496 Neumark.[\/vc_column_text][\/vc_column][\/vc_row][vc_row][vc_column][vc_single_image image=&#8220;184&#8243; img_size=&#8220;full&#8220; label=&#8220;&#8220;][\/vc_column][\/vc_row][vc_row][vc_column][vc_column_text]\u00dcbungszeiten: Montags: 17:30 Uhr \u2013 18:30 Uhr Kinder (5 [&hellip;]<\/p>\n","protected":false},"author":1,"featured_media":183,"parent":0,"menu_order":0,"comment_status":"closed","ping_status":"closed","template":"","meta":{"ngg_post_thumbnail":0},"_links":{"self":[{"href":"https:\/\/www.spvgg1862neumark.de\/karate\/wp-json\/wp\/v2\/pages\/182"}],"collection":[{"href":"https:\/\/www.spvgg1862neumark.de\/karate\/wp-json\/wp\/v2\/pages"}],"about":[{"href":"https:\/\/www.spvgg1862neumark.de\/karate\/wp-json\/wp\/v2\/types\/page"}],"author":[{"embeddable":true,"href":"https:\/\/www.spvgg1862neumark.de\/karate\/wp-json\/wp\/v2\/users\/1"}],"replies":[{"embeddable":true,"href":"https:\/\/www.spvgg1862neumark.de\/karate\/wp-json\/wp\/v2\/comments?post=182"}],"version-history":[{"count":0,"href":"https:\/\/www.spvgg1862neumark.de\/karate\/wp-json\/wp\/v2\/pages\/182\/revisions"}],"wp:featuredmedia":[{"embeddable":true,"href":"https:\/\/www.spvgg1862neumark.de\/karate\/wp-json\/wp\/v2\/media\/183"}],"wp:attachment":[{"href":"https:\/\/www.spvgg1862neumark.de\/karate\/wp-json\/wp\/v2\/media?parent=182"}],"curies":[{"name":"wp","href":"https:\/\/api.w.org\/{rel}","templated":true}]}}