{"id":163,"date":"2017-11-11T07:58:20","date_gmt":"2017-11-11T06:58:20","guid":{"rendered":"http:\/\/spvgg1862neumark.de\/ninjutsu\/?page_id=163"},"modified":"2022-10-10T17:08:15","modified_gmt":"2022-10-10T15:08:15","slug":"dojo","status":"publish","type":"page","link":"https:\/\/www.spvgg1862neumark.de\/ninjutsu\/dojo\/","title":{"rendered":"Dojo"},"content":{"rendered":"<p>[vc_row][vc_column][vc_column_text]<\/p>\n<h3 class=\"custom-title\">Dojo<\/h3>\n<p>[\/vc_column_text][\/vc_column][\/vc_row][vc_row][vc_column][vc_column_text]<\/p>\n<ul>\n<li>Die Abteilung Kampfsport wurde im Oktober 1991 vom Sportlehrer Peter Lange ins Leben gerufen. Ihre Wurzeln sind in der Schulsportgemeinschaft die sich seit 1988 mit Judo und Karate besch\u00e4ftigte.<\/li>\n<li>Im Sommer 1991 nahm der Sportlehrer Peter Lange den Kontakt zum ehemaligen Sch\u00fcler Andreas Ramsch auf, welcher sich schon zu DDR-Zeiten aktiv mit Karate befasste und in Bayreuth bei dem Ninjutsu-Meister Wolfgang Gr\u00f6ger (Shihan) trainierte.<\/li>\n<li>Ein weiterer Kontakt wurde im Laufe der Zeit zu dem griechischen Ninjutsu-Meister Kosta Kanakis (Daishihan) gekn\u00fcpft, der bis heute besteht.<\/li>\n<li>Beim Ninjutsu Dojo in Zwickau, welches von Sven Gutknecht (Daishihan 15. Dan) gef\u00fchrt wird, besuchen wir Seminare um uns weiterzubilden und Pr\u00fcfungen abzulegen (<a href=\"http:\/\/www.bujinkan-zwickau.de\" target=\"_blank\" rel=\"noopener\">www.bujinkan-zwickau.de<\/a>).<\/li>\n<li>Im Bereich der Gewaltpr\u00e4vention sind wir schon viele Jahre an Schulen, Kinder- und Jugendeinrichtungen t\u00e4tig. Hier geht es ganz gezielt um die Themen Antiaggressions- und Deeskalationstraining sowie das Vermeiden und L\u00f6sen von Konflikt- und Bedrohungssituationen.<\/li>\n<li>Was im westlichen Kampfsport oft verdr\u00e4ngt wurde, ist die Komponente des Bewahrens eines friedlichen Menschens! Der beste Kampf ist derjenige, welcher vermieden werden kann. Das bedeutet anderen Menschen Achtung und Aufmerksamkeit entgegenzubringen, was Gerechtigkeit mit einschlie\u00dft.<\/li>\n<li>Bei uns trainieren zur Zeit 30 Budokas im Alter von 6 bis \u00fcber 60 Jahren.<\/li>\n<\/ul>\n<p>[\/vc_column_text][\/vc_column][\/vc_row][vc_row][vc_column][vc_single_image image=&#8220;207&#8243; img_size=&#8220;full&#8220;][\/vc_column][\/vc_row]<\/p>\n","protected":false},"excerpt":{"rendered":"<p>[vc_row][vc_column][vc_column_text] Dojo [\/vc_column_text][\/vc_column][\/vc_row][vc_row][vc_column][vc_column_text] Die Abteilung Kampfsport wurde im Oktober 1991 vom Sportlehrer Peter Lange ins Leben gerufen. Ihre Wurzeln sind in der Schulsportgemeinschaft die sich seit 1988 mit Judo und Karate besch\u00e4ftigte. Im Sommer 1991 nahm der Sportlehrer Peter Lange den Kontakt zum ehemaligen Sch\u00fcler Andreas Ramsch auf, welcher sich schon zu DDR-Zeiten aktiv mit [&hellip;]<\/p>\n","protected":false},"author":1,"featured_media":0,"parent":0,"menu_order":0,"comment_status":"closed","ping_status":"closed","template":"","meta":{"ngg_post_thumbnail":0},"_links":{"self":[{"href":"https:\/\/www.spvgg1862neumark.de\/ninjutsu\/wp-json\/wp\/v2\/pages\/163"}],"collection":[{"href":"https:\/\/www.spvgg1862neumark.de\/ninjutsu\/wp-json\/wp\/v2\/pages"}],"about":[{"href":"https:\/\/www.spvgg1862neumark.de\/ninjutsu\/wp-json\/wp\/v2\/types\/page"}],"author":[{"embeddable":true,"href":"https:\/\/www.spvgg1862neumark.de\/ninjutsu\/wp-json\/wp\/v2\/users\/1"}],"replies":[{"embeddable":true,"href":"https:\/\/www.spvgg1862neumark.de\/ninjutsu\/wp-json\/wp\/v2\/comments?post=163"}],"version-history":[{"count":1,"href":"https:\/\/www.spvgg1862neumark.de\/ninjutsu\/wp-json\/wp\/v2\/pages\/163\/revisions"}],"predecessor-version":[{"id":370,"href":"https:\/\/www.spvgg1862neumark.de\/ninjutsu\/wp-json\/wp\/v2\/pages\/163\/revisions\/370"}],"wp:attachment":[{"href":"https:\/\/www.spvgg1862neumark.de\/ninjutsu\/wp-json\/wp\/v2\/media?parent=163"}],"curies":[{"name":"wp","href":"https:\/\/api.w.org\/{rel}","templated":true}]}}