{"id":49,"date":"2017-09-11T16:34:44","date_gmt":"2017-09-11T14:34:44","guid":{"rendered":"http:\/\/spvgg1862neumark.de\/ninjutsu\/?page_id=49"},"modified":"2017-09-11T16:34:44","modified_gmt":"2017-09-11T14:34:44","slug":"bujinkan","status":"publish","type":"page","link":"https:\/\/www.spvgg1862neumark.de\/ninjutsu\/bujinkan\/","title":{"rendered":"Bujinkan"},"content":{"rendered":"<p>[vc_row][vc_column][vc_column_text]<\/p>\n<h3 class=\"custom-title\">Bujinkan<\/h3>\n<p>[\/vc_column_text][\/vc_column][\/vc_row][vc_row][vc_column][vc_column_text]Das Bujinkan (Schriftzeichen (Kanji)\u00a0 <strong>\u6b66<\/strong> <strong>\u795e<\/strong> <strong>\u9928<\/strong><strong>) <\/strong>ist die Zusammenfassung von neun traditionellen japanischen Kampfschulen, unter der Gro\u00dfmeister (Soke) Dr. Masaaki Hatsumi das Ninjutsu weltweit bekannt gemacht hat, die Ninjutsu-Tradition bewahrt sowie f\u00fcr die n\u00e4chste Generation \u00fcberliefert.<\/p>\n<p>Das Wort Bujinkan bedeutet sinngem\u00e4\u00df \u201eTempel des Kriegsgottes\u201c oder \u201eTempel der g\u00f6ttlichen Kriegskunst\u201c. Es besteht aus drei Silben Bu \u201eKampf, Krieger\u201c &#8211; Jin \u201eMensch, g\u00f6ttliche\u201c &#8211; Kan \u201eHaus&#8220;.<\/p>\n<p>Jede der neun Schulen ist ein in sich geschlossenes Kampfsystem.<\/p>\n<ul>\n<li><strong> Togakure Ry\u00fb Ninpo Taijutsu<\/strong> &#8211; Schule der verborgenen T\u00fcr &#8211; Ninja-Schule<\/li>\n<\/ul>\n<ul>\n<li>gegr\u00fcndet Ende des 12. Jahrhunderts<\/li>\n<li>ein System des Kampfes, des \u00dcberlebens, der Infiltration<\/li>\n<li>speziell: Shuriken (Wurfstern), Shuko (Eisenkrallen), Shindake (Blasrohr)<\/li>\n<\/ul>\n<p><strong>\u00a0<\/strong><\/p>\n<ul>\n<li><strong> Kumogakure Ry\u00fb Ninpo Taijutsu <\/strong>&#8211; Schule der verborgenen Wolke &#8211; Ninja-Schule<\/li>\n<\/ul>\n<ul>\n<li>gegr\u00fcndet vermutlich 14.\/15. Jahrhundert<\/li>\n<li>die Kunst \u00fcberall und zu jeder Zeit Feuer zu entz\u00fcnden<\/li>\n<li>speziell: die Ninja trugen Yoroi (R\u00fcstungen), D\u00e4monenmasken, Kamayari (Speer mit Haken)<\/li>\n<\/ul>\n<p><strong>\u00a0<\/strong><\/p>\n<ul>\n<li><strong> Gyokushin Ry\u00fb Ninpo Taijutsu<\/strong> &#8211; Schule des mit Juwelen geschm\u00fcckten Herzens<\/li>\n<\/ul>\n<ul>\n<li>gegr\u00fcndet nach 1156, Ninja-Schule<\/li>\n<li>speziell: weniger Kampf daf\u00fcr mehr Spionage, Nagenawa (Seil), Sutemi Nage (Opferw\u00fcrfe)<\/li>\n<\/ul>\n<p><strong>\u00a0<\/strong><\/p>\n<ul>\n<li><strong> Gyokko Ry\u00fb Kosshi Jutsu<\/strong> &#8211; Schule des mit Juwelen geschm\u00fcckten Tigers<\/li>\n<\/ul>\n<ul>\n<li>gegr\u00fcndet 618 &#8211; 907 in <u>China<\/u><\/li>\n<li>Muskeln des Angreifers zerst\u00f6ren und in Nervenpunkte mit Fingern bohren<\/li>\n<\/ul>\n<p><strong>\u00a0<\/strong><\/p>\n<ul>\n<li><strong> Koto Ry\u00fb Koppo Jutsu<\/strong> &#8211; Den Tiger niederschlagen Schule<\/li>\n<\/ul>\n<ul>\n<li>gegr\u00fcndet vor 1500 in <u>China<\/u><\/li>\n<li>umfasst Atemi-te (Nervenpunkte), Kyushu (K\u00f6rperschwachpunkte) und harte Schl\u00e4ge gegen Knochen<\/li>\n<\/ul>\n<p><strong>\u00a0<\/strong><\/p>\n<ul>\n<li><strong> Shinden Fudo Ry\u00fb Daken Taijutsu<\/strong> &#8211; Schule des unbewegten Herzens<\/li>\n<\/ul>\n<ul>\n<li>gegr\u00fcndet Mitte des 12. Jahrhunderts<\/li>\n<li>Training in der Natur und mit der Natur sowie Nat\u00fcrlichkeit der Bewegungen<\/li>\n<li>speziell: Hojojutsu (Fesselkunst), Naginata (Hellebarde), Ono (Kriegsaxt), Otsuchi (Keule)<\/li>\n<\/ul>\n<p><strong>\u00a0<\/strong><\/p>\n<ul>\n<li><strong> Kukishinden Ry\u00fb Happo Biken Jutsu &#8211; Schule der 9 D\u00e4moneng\u00f6tter <\/strong><\/li>\n<\/ul>\n<ul>\n<li>ein Ableger des Kukishin Ryu, gegr\u00fcndet im 14. Jahrhundert<\/li>\n<li>so genannt zu Ehren Takamatsus, der nach dem 2. Weltkrieg bei der Rekonstruktion der Schriftrollen entscheidend half, \u00fcberwiegend auf dem Schlachtfeld eingesetzt, Kampf in R\u00fcstung (Yoroi) mit unterschiedlichen Budo Waffen<\/li>\n<\/ul>\n<p><strong>\u00a0<\/strong><\/p>\n<ul>\n<li><strong> Takagi Y\u00f4shin Ry\u00fb Jutai Jutsu<\/strong> &#8211; Schule des hohen Baumes<\/li>\n<\/ul>\n<ul>\n<li>gegr\u00fcndet Ende des 16. Jahrhunderts<\/li>\n<li>konzipiert f\u00fcr den Kampf in Geb\u00e4uden und mit wenig Platz<\/li>\n<li>\u201eEine Weide ist biegsam, aber ein hoher Baum ist zerbrechlich.\u201c<\/li>\n<li>Bewegung des gesamten K\u00f6rpers anstatt nur der H\u00e4nde und F\u00fc\u00dfe<\/li>\n<li>speziell: Distanz, Gleichgewicht brechen, nah am K\u00f6rper werfen, W\u00fcrgen<\/li>\n<\/ul>\n<p><strong>\u00a0<\/strong><\/p>\n<ul>\n<li><strong> Gikan Ry\u00fb Koppo Jutsu<\/strong> &#8211; Schule des Lernens von Gerechtigkeit<\/li>\n<\/ul>\n<ul>\n<li>gegr\u00fcndet Ende des 16. Jahrhunderts<\/li>\n<li>speziell: der Angriff erfolgt von der Seite, mit der der Feind gerade nicht rechnet<\/li>\n<\/ul>\n<p>[\/vc_column_text][\/vc_column][\/vc_row][vc_row][vc_column][vc_column_text]<\/p>\n<p>&nbsp;<\/p>\n<p>[\/vc_column_text][\/vc_column][\/vc_row][vc_row][vc_column][vc_column_text]<\/p>\n<h3 class=\"custom-title\">Graduierungssystem<\/h3>\n<p>[\/vc_column_text][\/vc_column][\/vc_row][vc_row][vc_column width=&#8220;1\/2&#8243;][vc_column_text]Die Graduierung im Bujinkan wird im Gegensatz zum \u00fcblichen G\u00fcrtelsystem ( verschieden farbige G\u00fcrtel) durch das Badge und den silbernen oder goldenen Sternen dar\u00fcber (die auf der linken Brustseite getragen werden) symbolisiert.<\/p>\n<p>Anf\u00e4nger tragen einen wei\u00dfen G\u00fcrtel. Vom 9. &#8211; 1. Kyu tragen die Jungen\/ M\u00e4nner einen gr\u00fcnen und die M\u00e4dchen\/ Frauen einen roten G\u00fcrtel.<\/p>\n<p>Ab dem 1. Dan wird ein schwarzer G\u00fcrtel getragen, der dann erhalten bleibt.[\/vc_column_text][\/vc_column][vc_column width=&#8220;1\/2&#8243;][vc_single_image image=&#8220;60&#8243; img_size=&#8220;full&#8220; style=&#8220;vc_box_shadow_border&#8220;][\/vc_column][\/vc_row]<\/p>\n","protected":false},"excerpt":{"rendered":"<p>[vc_row][vc_column][vc_column_text] Bujinkan [\/vc_column_text][\/vc_column][\/vc_row][vc_row][vc_column][vc_column_text]Das Bujinkan (Schriftzeichen (Kanji)\u00a0 \u6b66 \u795e \u9928) ist die Zusammenfassung von neun traditionellen japanischen Kampfschulen, unter der Gro\u00dfmeister (Soke) Dr. Masaaki Hatsumi das Ninjutsu weltweit bekannt gemacht hat, die Ninjutsu-Tradition bewahrt sowie f\u00fcr die n\u00e4chste Generation \u00fcberliefert. Das Wort Bujinkan bedeutet sinngem\u00e4\u00df \u201eTempel des Kriegsgottes\u201c oder \u201eTempel der g\u00f6ttlichen Kriegskunst\u201c. Es besteht aus [&hellip;]<\/p>\n","protected":false},"author":1,"featured_media":0,"parent":0,"menu_order":0,"comment_status":"closed","ping_status":"closed","template":"","meta":{"ngg_post_thumbnail":0},"_links":{"self":[{"href":"https:\/\/www.spvgg1862neumark.de\/ninjutsu\/wp-json\/wp\/v2\/pages\/49"}],"collection":[{"href":"https:\/\/www.spvgg1862neumark.de\/ninjutsu\/wp-json\/wp\/v2\/pages"}],"about":[{"href":"https:\/\/www.spvgg1862neumark.de\/ninjutsu\/wp-json\/wp\/v2\/types\/page"}],"author":[{"embeddable":true,"href":"https:\/\/www.spvgg1862neumark.de\/ninjutsu\/wp-json\/wp\/v2\/users\/1"}],"replies":[{"embeddable":true,"href":"https:\/\/www.spvgg1862neumark.de\/ninjutsu\/wp-json\/wp\/v2\/comments?post=49"}],"version-history":[{"count":0,"href":"https:\/\/www.spvgg1862neumark.de\/ninjutsu\/wp-json\/wp\/v2\/pages\/49\/revisions"}],"wp:attachment":[{"href":"https:\/\/www.spvgg1862neumark.de\/ninjutsu\/wp-json\/wp\/v2\/media?parent=49"}],"curies":[{"name":"wp","href":"https:\/\/api.w.org\/{rel}","templated":true}]}}