{"id":142,"date":"2024-05-06T16:33:15","date_gmt":"2024-05-06T14:33:15","guid":{"rendered":"https:\/\/www.spvgg1862neumark.de\/tischtennis\/?page_id=142"},"modified":"2024-05-10T16:27:33","modified_gmt":"2024-05-10T14:27:33","slug":"wir","status":"publish","type":"page","link":"https:\/\/www.spvgg1862neumark.de\/tischtennis\/wir\/","title":{"rendered":"Wir"},"content":{"rendered":"<p>[vc_row][vc_column][vc_column_text]<strong><span style=\"color: #000000;\">Erlebe die Faszination Tischtennis in unserem Verein!<\/span><\/strong><\/p>\n<p><span style=\"color: #000000;\">Fast jeder hat schon einmal einen Tischtennisschl\u00e4ger in der Hand gehabt und die Freude an diesem Spiel kennengelernt. Regelm\u00e4\u00dfiges Spielen scheitert oft am fehlenden Platz oder dem fehlenden Partner. Die L\u00f6sung dieses Problems ist: Tischtennis im Verein &#8211; in unserem Verein. Wir trainieren zweimal die Woche, sind mit unseren Erwachsenen- und Jugendmannschaften im Wettbewerbsbetrieb, stellen qualifizierte Trainer und bieten auch ambitionierten Freizeitsportlern die M\u00f6glichkeit, sich uns anzuschlie\u00dfen.<\/span><\/p>\n<p><span style=\"color: #000000;\">Wenn du Lust hast, mentale St\u00e4rke, blitzschnelle Reflexe, Taktik und Strategie durch den Sport zu schulen und gleichzeitig deine Fitness zu steigern, bist du bei uns richtig.<\/span><\/p>\n<p><strong><span style=\"color: #000000;\">Unsere Trainingszeiten:<\/span><\/strong><br \/>\n<span style=\"color: #000000;\">Dienstag: 17.00 &#8211; 22.00 Uhr und Freitag: 17.00 &#8211; 19.30 Uhr<\/span><\/p>\n<p><strong><span style=\"color: #000000;\">Trainingsort:<\/span><\/strong><br \/>\n<span style=\"color: #000000;\">Turnhalle der Oberschule Neumark, Wilhelm-Pieck-Str. 2, 08496 Neumark<\/span><\/p>\n<p><strong><span style=\"color: #000000;\">Ansprechpartner allgemeine Fragen:<\/span><\/strong><br \/>\n<span style=\"color: #000000;\">Enrico Petzold, Tel.: 0174 3320822<\/span><\/p>\n<p>&nbsp;[\/vc_column_text][\/vc_column][\/vc_row][vc_row][vc_column][vc_gallery interval=&#8220;3&#8243; images=&#8220;163,162,161,160&#8243; img_size=&#8220;large&#8220;][\/vc_column][\/vc_row]<\/p>\n","protected":false},"excerpt":{"rendered":"<p>[vc_row][vc_column][vc_column_text]Erlebe die Faszination Tischtennis in unserem Verein! Fast jeder hat schon einmal einen Tischtennisschl\u00e4ger in der Hand gehabt und die Freude an diesem Spiel kennengelernt. Regelm\u00e4\u00dfiges Spielen scheitert oft am fehlenden Platz oder dem fehlenden Partner. Die L\u00f6sung dieses Problems ist: Tischtennis im Verein &#8211; in unserem Verein. Wir trainieren zweimal die Woche, sind mit [&hellip;]<\/p>\n","protected":false},"author":1,"featured_media":0,"parent":0,"menu_order":0,"comment_status":"closed","ping_status":"closed","template":"","meta":{"ngg_post_thumbnail":0},"_links":{"self":[{"href":"https:\/\/www.spvgg1862neumark.de\/tischtennis\/wp-json\/wp\/v2\/pages\/142"}],"collection":[{"href":"https:\/\/www.spvgg1862neumark.de\/tischtennis\/wp-json\/wp\/v2\/pages"}],"about":[{"href":"https:\/\/www.spvgg1862neumark.de\/tischtennis\/wp-json\/wp\/v2\/types\/page"}],"author":[{"embeddable":true,"href":"https:\/\/www.spvgg1862neumark.de\/tischtennis\/wp-json\/wp\/v2\/users\/1"}],"replies":[{"embeddable":true,"href":"https:\/\/www.spvgg1862neumark.de\/tischtennis\/wp-json\/wp\/v2\/comments?post=142"}],"version-history":[{"count":12,"href":"https:\/\/www.spvgg1862neumark.de\/tischtennis\/wp-json\/wp\/v2\/pages\/142\/revisions"}],"predecessor-version":[{"id":152,"href":"https:\/\/www.spvgg1862neumark.de\/tischtennis\/wp-json\/wp\/v2\/pages\/142\/revisions\/152"}],"wp:attachment":[{"href":"https:\/\/www.spvgg1862neumark.de\/tischtennis\/wp-json\/wp\/v2\/media?parent=142"}],"curies":[{"name":"wp","href":"https:\/\/api.w.org\/{rel}","templated":true}]}}