{"id":197,"date":"2024-05-13T18:08:17","date_gmt":"2024-05-13T16:08:17","guid":{"rendered":"https:\/\/www.spvgg1862neumark.de\/tischtennis\/?page_id=197"},"modified":"2024-06-16T20:12:08","modified_gmt":"2024-06-16T18:12:08","slug":"pokal","status":"publish","type":"page","link":"https:\/\/www.spvgg1862neumark.de\/tischtennis\/pokal\/","title":{"rendered":"Pokal des B\u00fcrgermeisters"},"content":{"rendered":"<p>[vc_row][vc_column][vc_column_text]<strong><span style=\"color: #000000;\">Faszination Tischtennis: Unser j\u00e4hrliches Highlight!<\/span><\/strong><\/p>\n<p><span style=\"color: #000000;\">Eine nicht mehr weckzudenkende Gr\u00f6\u00dfe in unserem Tischtennisvereinsleben (und im Vereinsleben des Gesamtvereins) ist mittlerweile unser Tunier &#8222;Pokal des B\u00fcrgermeisters&#8220;.<\/span><\/p>\n<p><span style=\"color: #000000;\">Klein angefangen mit Einladungen an unsere regionalen Sportsfreunde ist unser Tunier im Laufe der Jahre zu einem begehrten Event im s\u00e4chsischen Tischtennis geworden. Regelm\u00e4\u00dfig treffen sich \u00fcber 100 Teilnehmer an einem Wochenende im Juni, um die begehrten Pokale im sportlichen Wettkampf zu gewinnen. Je nach Teilnehmerzahl spielen die Jugendlichen (U 15 und U 19) und die Erwachsenen (Frauen und M\u00e4nner) entweder samstags oder sonntags Ihre Gewinner aus.<\/span><\/p>\n<p><span style=\"color: #000000;\">Was uns besonders freut, ist, dass durch die zunehmende Bekanntheit unseres Tuniers nicht nur das Leistungsniveau insgesamt erheblich gesteigert wurde, was unsere Zuschauer bei den zum Teil engen Matches begeistert, sondern dass auch unsere Neumarker Spieler von dieser Niveausteigerung sowohl im Motivations- als auch im Leistungsbereich profitiert haben.<\/span><\/p>\n<p><span style=\"color: #000000;\"><strong>Pokal des B\u00fcrgermeisters 2024<\/strong>: Unser diesj\u00e4hriges Tunier war wieder ein voller Erfolg. An den beiden Spieltagen am 8. und 9.06.2024 wurde erneut hochklassiges Tischtennis geboten. N\u00e4here Informationen findet ihr im<br \/>\n<\/span><\/p>\n<p><a href=\"https:\/\/www.spvgg1862neumark.de\/tischtennis\/wp-content\/uploads\/sites\/6\/2024\/06\/Pressebericht-Pokal-des-Buergermeisters-2024.pdf\" target=\"_blank\" rel=\"noopener\"><span style=\"color: #000000; font-size: 18px;\">Pressebericht zum Pokal des B\u00fcrgermeisters 2024<\/span><\/a><\/p>\n<p><span style=\"color: #000000;\"><strong>Ansprechpartner<\/strong>: Enrico Petzold, Tel.: 0174 3320822<\/span>[\/vc_column_text][\/vc_column][\/vc_row][vc_row][vc_column width=&#8220;1\/2&#8243;][vc_column_text]<\/p>\n<figure id=\"attachment_232\" aria-describedby=\"caption-attachment-232\" style=\"width: 1600px\" class=\"wp-caption alignnone\"><img fetchpriority=\"high\" decoding=\"async\" class=\"size-full wp-image-232\" src=\"https:\/\/www.spvgg1862neumark.de\/tischtennis\/wp-content\/uploads\/sites\/6\/2024\/06\/Sieger-Erwachsene-2024.jpg\" alt=\"\" width=\"1600\" height=\"1200\" srcset=\"https:\/\/www.spvgg1862neumark.de\/tischtennis\/wp-content\/uploads\/sites\/6\/2024\/06\/Sieger-Erwachsene-2024.jpg 1600w, https:\/\/www.spvgg1862neumark.de\/tischtennis\/wp-content\/uploads\/sites\/6\/2024\/06\/Sieger-Erwachsene-2024-1024x768.jpg 1024w, https:\/\/www.spvgg1862neumark.de\/tischtennis\/wp-content\/uploads\/sites\/6\/2024\/06\/Sieger-Erwachsene-2024-768x576.jpg 768w, https:\/\/www.spvgg1862neumark.de\/tischtennis\/wp-content\/uploads\/sites\/6\/2024\/06\/Sieger-Erwachsene-2024-1536x1152.jpg 1536w, https:\/\/www.spvgg1862neumark.de\/tischtennis\/wp-content\/uploads\/sites\/6\/2024\/06\/Sieger-Erwachsene-2024-463x348.jpg 463w, https:\/\/www.spvgg1862neumark.de\/tischtennis\/wp-content\/uploads\/sites\/6\/2024\/06\/Sieger-Erwachsene-2024-640x480.jpg 640w, https:\/\/www.spvgg1862neumark.de\/tischtennis\/wp-content\/uploads\/sites\/6\/2024\/06\/Sieger-Erwachsene-2024-400x300.jpg 400w, https:\/\/www.spvgg1862neumark.de\/tischtennis\/wp-content\/uploads\/sites\/6\/2024\/06\/Sieger-Erwachsene-2024-367x275.jpg 367w\" sizes=\"(max-width: 1600px) 100vw, 1600px\" \/><figcaption id=\"caption-attachment-232\" class=\"wp-caption-text\">Sieger Erwachsene 2024<\/figcaption><\/figure>\n<p>[\/vc_column_text][\/vc_column][vc_column width=&#8220;1\/2&#8243;][vc_column_text]<\/p>\n<figure id=\"attachment_234\" aria-describedby=\"caption-attachment-234\" style=\"width: 1600px\" class=\"wp-caption alignnone\"><img decoding=\"async\" class=\"size-full wp-image-234\" src=\"https:\/\/www.spvgg1862neumark.de\/tischtennis\/wp-content\/uploads\/sites\/6\/2024\/06\/U19-Sieger-2024.jpg\" alt=\"\" width=\"1600\" height=\"1200\" srcset=\"https:\/\/www.spvgg1862neumark.de\/tischtennis\/wp-content\/uploads\/sites\/6\/2024\/06\/U19-Sieger-2024.jpg 1600w, https:\/\/www.spvgg1862neumark.de\/tischtennis\/wp-content\/uploads\/sites\/6\/2024\/06\/U19-Sieger-2024-1024x768.jpg 1024w, https:\/\/www.spvgg1862neumark.de\/tischtennis\/wp-content\/uploads\/sites\/6\/2024\/06\/U19-Sieger-2024-768x576.jpg 768w, https:\/\/www.spvgg1862neumark.de\/tischtennis\/wp-content\/uploads\/sites\/6\/2024\/06\/U19-Sieger-2024-1536x1152.jpg 1536w, https:\/\/www.spvgg1862neumark.de\/tischtennis\/wp-content\/uploads\/sites\/6\/2024\/06\/U19-Sieger-2024-463x348.jpg 463w, https:\/\/www.spvgg1862neumark.de\/tischtennis\/wp-content\/uploads\/sites\/6\/2024\/06\/U19-Sieger-2024-640x480.jpg 640w, https:\/\/www.spvgg1862neumark.de\/tischtennis\/wp-content\/uploads\/sites\/6\/2024\/06\/U19-Sieger-2024-400x300.jpg 400w, https:\/\/www.spvgg1862neumark.de\/tischtennis\/wp-content\/uploads\/sites\/6\/2024\/06\/U19-Sieger-2024-367x275.jpg 367w\" sizes=\"(max-width: 1600px) 100vw, 1600px\" \/><figcaption id=\"caption-attachment-234\" class=\"wp-caption-text\">U19 Sieger 2024<\/figcaption><\/figure>\n<p>[\/vc_column_text][\/vc_column][\/vc_row][vc_row][vc_column width=&#8220;1\/2&#8243;][vc_column_text]<\/p>\n<figure id=\"attachment_233\" aria-describedby=\"caption-attachment-233\" style=\"width: 1600px\" class=\"wp-caption alignnone\"><img decoding=\"async\" class=\"size-full wp-image-233\" src=\"https:\/\/www.spvgg1862neumark.de\/tischtennis\/wp-content\/uploads\/sites\/6\/2024\/06\/U15-Sieger-2024.jpg\" alt=\"\" width=\"1600\" height=\"1200\" srcset=\"https:\/\/www.spvgg1862neumark.de\/tischtennis\/wp-content\/uploads\/sites\/6\/2024\/06\/U15-Sieger-2024.jpg 1600w, https:\/\/www.spvgg1862neumark.de\/tischtennis\/wp-content\/uploads\/sites\/6\/2024\/06\/U15-Sieger-2024-1024x768.jpg 1024w, https:\/\/www.spvgg1862neumark.de\/tischtennis\/wp-content\/uploads\/sites\/6\/2024\/06\/U15-Sieger-2024-768x576.jpg 768w, https:\/\/www.spvgg1862neumark.de\/tischtennis\/wp-content\/uploads\/sites\/6\/2024\/06\/U15-Sieger-2024-1536x1152.jpg 1536w, https:\/\/www.spvgg1862neumark.de\/tischtennis\/wp-content\/uploads\/sites\/6\/2024\/06\/U15-Sieger-2024-463x348.jpg 463w, https:\/\/www.spvgg1862neumark.de\/tischtennis\/wp-content\/uploads\/sites\/6\/2024\/06\/U15-Sieger-2024-640x480.jpg 640w, https:\/\/www.spvgg1862neumark.de\/tischtennis\/wp-content\/uploads\/sites\/6\/2024\/06\/U15-Sieger-2024-400x300.jpg 400w, https:\/\/www.spvgg1862neumark.de\/tischtennis\/wp-content\/uploads\/sites\/6\/2024\/06\/U15-Sieger-2024-367x275.jpg 367w\" sizes=\"(max-width: 1600px) 100vw, 1600px\" \/><figcaption id=\"caption-attachment-233\" class=\"wp-caption-text\">U15 Sieger 2024<\/figcaption><\/figure>\n<p>[\/vc_column_text][\/vc_column][vc_column width=&#8220;1\/2&#8243;][vc_column_text]<\/p>\n<figure id=\"attachment_231\" aria-describedby=\"caption-attachment-231\" style=\"width: 1600px\" class=\"wp-caption alignnone\"><img loading=\"lazy\" decoding=\"async\" class=\"size-full wp-image-231\" src=\"https:\/\/www.spvgg1862neumark.de\/tischtennis\/wp-content\/uploads\/sites\/6\/2024\/06\/Sieger-Doppel-Schueler-und-Jugend-2024.jpg\" alt=\"\" width=\"1600\" height=\"1200\" srcset=\"https:\/\/www.spvgg1862neumark.de\/tischtennis\/wp-content\/uploads\/sites\/6\/2024\/06\/Sieger-Doppel-Schueler-und-Jugend-2024.jpg 1600w, https:\/\/www.spvgg1862neumark.de\/tischtennis\/wp-content\/uploads\/sites\/6\/2024\/06\/Sieger-Doppel-Schueler-und-Jugend-2024-1024x768.jpg 1024w, https:\/\/www.spvgg1862neumark.de\/tischtennis\/wp-content\/uploads\/sites\/6\/2024\/06\/Sieger-Doppel-Schueler-und-Jugend-2024-768x576.jpg 768w, https:\/\/www.spvgg1862neumark.de\/tischtennis\/wp-content\/uploads\/sites\/6\/2024\/06\/Sieger-Doppel-Schueler-und-Jugend-2024-1536x1152.jpg 1536w, https:\/\/www.spvgg1862neumark.de\/tischtennis\/wp-content\/uploads\/sites\/6\/2024\/06\/Sieger-Doppel-Schueler-und-Jugend-2024-463x348.jpg 463w, https:\/\/www.spvgg1862neumark.de\/tischtennis\/wp-content\/uploads\/sites\/6\/2024\/06\/Sieger-Doppel-Schueler-und-Jugend-2024-640x480.jpg 640w, https:\/\/www.spvgg1862neumark.de\/tischtennis\/wp-content\/uploads\/sites\/6\/2024\/06\/Sieger-Doppel-Schueler-und-Jugend-2024-400x300.jpg 400w, https:\/\/www.spvgg1862neumark.de\/tischtennis\/wp-content\/uploads\/sites\/6\/2024\/06\/Sieger-Doppel-Schueler-und-Jugend-2024-367x275.jpg 367w\" sizes=\"(max-width: 1600px) 100vw, 1600px\" \/><figcaption id=\"caption-attachment-231\" class=\"wp-caption-text\">Sieger Doppel Sch\u00fcler und Jugend 2024<\/figcaption><\/figure>\n<p>[\/vc_column_text][\/vc_column][\/vc_row]<\/p>\n","protected":false},"excerpt":{"rendered":"<p>[vc_row][vc_column][vc_column_text]Faszination Tischtennis: Unser j\u00e4hrliches Highlight! Eine nicht mehr weckzudenkende Gr\u00f6\u00dfe in unserem Tischtennisvereinsleben (und im Vereinsleben des Gesamtvereins) ist mittlerweile unser Tunier &#8222;Pokal des B\u00fcrgermeisters&#8220;. Klein angefangen mit Einladungen an unsere regionalen Sportsfreunde ist unser Tunier im Laufe der Jahre zu einem begehrten Event im s\u00e4chsischen Tischtennis geworden. Regelm\u00e4\u00dfig treffen sich \u00fcber 100 Teilnehmer an [&hellip;]<\/p>\n","protected":false},"author":1,"featured_media":0,"parent":0,"menu_order":0,"comment_status":"closed","ping_status":"closed","template":"","meta":{"ngg_post_thumbnail":0},"_links":{"self":[{"href":"https:\/\/www.spvgg1862neumark.de\/tischtennis\/wp-json\/wp\/v2\/pages\/197"}],"collection":[{"href":"https:\/\/www.spvgg1862neumark.de\/tischtennis\/wp-json\/wp\/v2\/pages"}],"about":[{"href":"https:\/\/www.spvgg1862neumark.de\/tischtennis\/wp-json\/wp\/v2\/types\/page"}],"author":[{"embeddable":true,"href":"https:\/\/www.spvgg1862neumark.de\/tischtennis\/wp-json\/wp\/v2\/users\/1"}],"replies":[{"embeddable":true,"href":"https:\/\/www.spvgg1862neumark.de\/tischtennis\/wp-json\/wp\/v2\/comments?post=197"}],"version-history":[{"count":29,"href":"https:\/\/www.spvgg1862neumark.de\/tischtennis\/wp-json\/wp\/v2\/pages\/197\/revisions"}],"predecessor-version":[{"id":242,"href":"https:\/\/www.spvgg1862neumark.de\/tischtennis\/wp-json\/wp\/v2\/pages\/197\/revisions\/242"}],"wp:attachment":[{"href":"https:\/\/www.spvgg1862neumark.de\/tischtennis\/wp-json\/wp\/v2\/media?parent=197"}],"curies":[{"name":"wp","href":"https:\/\/api.w.org\/{rel}","templated":true}]}}